{"id":191,"date":"2025-06-23T09:51:26","date_gmt":"2025-06-23T07:51:26","guid":{"rendered":"https:\/\/immopage.site\/demo\/?page_id=191"},"modified":"2025-10-15T13:56:10","modified_gmt":"2025-10-15T11:56:10","slug":"impressum","status":"publish","type":"page","link":"https:\/\/immopage.site\/demo\/impressum\/","title":{"rendered":"Impressum DE"},"content":{"rendered":"\t\t<div data-elementor-type=\"wp-page\" data-elementor-id=\"191\" class=\"elementor elementor-191\" data-elementor-post-type=\"page\">\n\t\t\t\t<div class=\"elementor-element elementor-element-9de6a45 section e-con-full e-flex e-con e-parent\" data-id=\"9de6a45\" data-element_type=\"container\" data-e-type=\"container\" data-settings=\"{&quot;background_background&quot;:&quot;classic&quot;}\" data-theme=\"light\">\n\t\t<div class=\"elementor-element elementor-element-3ce006e section__container--first container container--medium e-con-full e-flex e-con e-child\" data-id=\"3ce006e\" data-element_type=\"container\" data-e-type=\"container\">\n\t\t<div class=\"elementor-element elementor-element-6abffc1 e-con-full e-flex e-con e-child\" data-id=\"6abffc1\" data-element_type=\"container\" data-e-type=\"container\">\n\t\t\t\t<div class=\"elementor-element elementor-element-5463f8f elementor-widget elementor-widget-heading\" data-id=\"5463f8f\" data-element_type=\"widget\" data-e-type=\"widget\" data-widget_type=\"heading.default\">\n\t\t\t\t<div class=\"elementor-widget-container\">\n\t\t\t\t\t<h1 class=\"elementor-heading-title elementor-size-default\">Impressum<\/h1>\t\t\t\t<\/div>\n\t\t\t\t<\/div>\n\t\t\t\t<\/div>\n\t\t\t\t<\/div>\n\t\t<div class=\"elementor-element elementor-element-97ea5ef section__container--last container container--medium e-con-full e-flex e-con e-child\" data-id=\"97ea5ef\" data-element_type=\"container\" data-e-type=\"container\">\n\t\t<div class=\"elementor-element elementor-element-7a426ce e-con-full e-flex e-con e-child\" data-id=\"7a426ce\" data-element_type=\"container\" data-e-type=\"container\">\n\t\t\t\t<div class=\"elementor-element elementor-element-d5e93f5 elementor-widget elementor-widget-text-editor\" data-id=\"d5e93f5\" data-element_type=\"widget\" data-e-type=\"widget\" data-widget_type=\"text-editor.default\">\n\t\t\t\t<div class=\"elementor-widget-container\">\n\t\t\t\t\t\t\t\t\t<p><b>Verantwortliche Instanz:<\/b><br \/>Fresh Interactive AG<br \/>Aathalstrasse 34<br \/>8610 User<br \/>Schweiz<br \/><strong>E-Mail<\/strong>: i&#110;&#102;&#x6f;&#x40;fi&#97;&#46;&#x63;&#x68;<\/p><p><b>Vertretungsberechtigte Personen<br \/><\/b>Daniel St\u00e4ubli<\/p><p><strong>Name des Unternehmens<\/strong>: Fresh Interactive AG<br \/><strong>Registrationsnummer<\/strong>: CHE-110.092.688<\/p><p><b>Haftungsausschluss<br \/><\/b>Der Autor \u00fcbernimmt keine Gew\u00e4hr f\u00fcr die Richtigkeit, Genauigkeit, Aktualit\u00e4t, Zuverl\u00e4ssigkeit und Vollst\u00e4ndigkeit der Informationen.<br \/>Haftungsanspr\u00fcche gegen den Autor wegen Sch\u00e4den materieller oder immaterieller Art, die aus dem Zugriff oder der Nutzung bzw. Nichtnutzung der ver\u00f6ffentlichten Informationen, durch Missbrauch der Verbindung oder durch technische St\u00f6rungen entstanden sind, werden ausgeschlossen.<\/p><p>Alle Angebote sind freibleibend. Der Autor beh\u00e4lt es sich ausdr\u00fccklich vor, Teile der Seiten oder das gesamte Angebot ohne gesonderte Ank\u00fcndigung zu ver\u00e4ndern, zu erg\u00e4nzen, zu l\u00f6schen oder die Ver\u00f6ffentlichung zeitweise oder endg\u00fcltig einzustellen.<\/p><p><b>Haftungsausschluss f\u00fcr Inhalte und Links<br \/><\/b>Verweise und Links auf Webseiten Dritter liegen ausserhalb unseres Verantwortungsbereichs. Es wird jegliche Verantwortung f\u00fcr solche Webseiten abgelehnt. Der Zugriff und die Nutzung solcher Webseiten erfolgen auf eigene Gefahr des jeweiligen Nutzers.<\/p><p><b>Urheberrechtserkl\u00e4rung<br \/><\/b>Die Urheber- und alle anderen Rechte an Inhalten, Bildern, Fotos oder anderen Dateien auf dieser Website, geh\u00f6ren ausschliesslich Fresh Interactive AG oder den speziell genannten Rechteinhabern. F\u00fcr die Reproduktion jeglicher Elemente ist die schriftliche Zustimmung des Urheberrechtstr\u00e4gers im Voraus einzuholen.<\/p><p><strong>Kon\u00adzept, Design &amp; Programmierung<\/strong><br \/><a class=\"button__clear button__clear--primary\" href=\"https:\/\/fia.ch\" target=\"_blank\" rel=\"noopener\">Fresh Interactive AG<\/a><\/p><p>\u00a0<\/p><p><strong>Quelle<\/strong>: <a class=\"button__clear button__clear--primary\" href=\"https:\/\/brainbox.swiss\/\">BrainBox Solutions<\/a><\/p>\t\t\t\t\t\t\t\t<\/div>\n\t\t\t\t<\/div>\n\t\t\t\t<\/div>\n\t\t\t\t<\/div>\n\t\t\t\t<\/div>\n\t\t\t\t<\/div>\n\t\t","protected":false},"excerpt":{"rendered":"<p>Impressum Verantwortliche Instanz:Fresh Interactive AGAathalstrasse 348610 UserSchweizE-Mail: in&#102;&#111;&#x40;&#x66;&#x69;&#x61;&#46;c&#104; Vertretungsberechtigte PersonenDaniel St\u00e4ubli Name des Unternehmens: Fresh Interactive AGRegistrationsnummer: CHE-110.092.688 HaftungsausschlussDer Autor \u00fcbernimmt keine Gew\u00e4hr f\u00fcr die Richtigkeit, Genauigkeit, Aktualit\u00e4t, Zuverl\u00e4ssigkeit und Vollst\u00e4ndigkeit der Informationen.Haftungsanspr\u00fcche gegen den Autor wegen Sch\u00e4den materieller oder immaterieller Art, die aus dem Zugriff oder der Nutzung bzw. Nichtnutzung der ver\u00f6ffentlichten Informationen, durch [&hellip;]<\/p>\n","protected":false},"author":1,"featured_media":0,"parent":0,"menu_order":0,"comment_status":"closed","ping_status":"closed","template":"","meta":{"_acf_changed":false,"footnotes":""},"class_list":["post-191","page","type-page","status-publish","hentry"],"acf":[],"yoast_head":"<!-- This site is optimized with the Yoast SEO plugin v27.0 - https:\/\/yoast.com\/product\/yoast-seo-wordpress\/ -->\n<title>Impressum DE - ImmoPage Demo<\/title>\n<meta name=\"robots\" content=\"noindex, follow, max-snippet:-1, max-image-preview:large, max-video-preview:-1\" \/>\n<meta property=\"og:locale\" content=\"de_DE\" \/>\n<meta property=\"og:type\" content=\"article\" \/>\n<meta property=\"og:title\" content=\"Impressum DE - ImmoPage Demo\" \/>\n<meta property=\"og:description\" content=\"Impressum Verantwortliche Instanz:Fresh Interactive AGAathalstrasse 348610 UserSchweizE-Mail: i&#110;&#102;&#x6f;&#x40;&#x66;i&#097;&#046;&#x63;&#x68; Vertretungsberechtigte PersonenDaniel St\u00e4ubli Name des Unternehmens: Fresh Interactive AGRegistrationsnummer: CHE-110.092.688 HaftungsausschlussDer Autor \u00fcbernimmt keine Gew\u00e4hr f\u00fcr die Richtigkeit, Genauigkeit, Aktualit\u00e4t, Zuverl\u00e4ssigkeit und Vollst\u00e4ndigkeit der Informationen.Haftungsanspr\u00fcche gegen den Autor wegen Sch\u00e4den materieller oder immaterieller Art, die aus dem Zugriff oder der Nutzung bzw. Nichtnutzung der ver\u00f6ffentlichten Informationen, durch [&hellip;]\" \/>\n<meta property=\"og:url\" content=\"https:\/\/immopage.site\/demo\/impressum\/\" \/>\n<meta property=\"og:site_name\" content=\"ImmoPage Demo\" \/>\n<meta property=\"article:modified_time\" content=\"2025-10-15T11:56:10+00:00\" \/>\n<meta name=\"twitter:card\" content=\"summary_large_image\" \/>\n<meta name=\"twitter:label1\" content=\"Gesch\u00e4tzte Lesezeit\" \/>\n\t<meta name=\"twitter:data1\" content=\"2\u00a0Minuten\" \/>\n<script type=\"application\/ld+json\" class=\"yoast-schema-graph\">{\"@context\":\"https:\/\/schema.org\",\"@graph\":[{\"@type\":\"WebPage\",\"@id\":\"https:\/\/immopage.site\/demo\/impressum\/\",\"url\":\"https:\/\/immopage.site\/demo\/impressum\/\",\"name\":\"Impressum DE - ImmoPage Demo\",\"isPartOf\":{\"@id\":\"https:\/\/immopage.site\/demo\/#website\"},\"datePublished\":\"2025-06-23T07:51:26+00:00\",\"dateModified\":\"2025-10-15T11:56:10+00:00\",\"breadcrumb\":{\"@id\":\"https:\/\/immopage.site\/demo\/impressum\/#breadcrumb\"},\"inLanguage\":\"de-CH\",\"potentialAction\":[{\"@type\":\"ReadAction\",\"target\":[\"https:\/\/immopage.site\/demo\/impressum\/\"]}]},{\"@type\":\"BreadcrumbList\",\"@id\":\"https:\/\/immopage.site\/demo\/impressum\/#breadcrumb\",\"itemListElement\":[{\"@type\":\"ListItem\",\"position\":1,\"name\":\"Startseite\",\"item\":\"https:\/\/immopage.site\/demo\/\"},{\"@type\":\"ListItem\",\"position\":2,\"name\":\"Impressum DE\"}]},{\"@type\":\"WebSite\",\"@id\":\"https:\/\/immopage.site\/demo\/#website\",\"url\":\"https:\/\/immopage.site\/demo\/\",\"name\":\"ImmoPage Demo\",\"description\":\"\",\"potentialAction\":[{\"@type\":\"SearchAction\",\"target\":{\"@type\":\"EntryPoint\",\"urlTemplate\":\"https:\/\/immopage.site\/demo\/?s={search_term_string}\"},\"query-input\":{\"@type\":\"PropertyValueSpecification\",\"valueRequired\":true,\"valueName\":\"search_term_string\"}}],\"inLanguage\":\"de-CH\"}]}<\/script>\n<!-- \/ Yoast SEO plugin. -->","yoast_head_json":{"title":"Impressum DE - ImmoPage Demo","robots":{"index":"noindex","follow":"follow","max-snippet":"max-snippet:-1","max-image-preview":"max-image-preview:large","max-video-preview":"max-video-preview:-1"},"og_locale":"de_DE","og_type":"article","og_title":"Impressum DE - ImmoPage Demo","og_description":"Impressum Verantwortliche Instanz:Fresh Interactive AGAathalstrasse 348610 UserSchweizE-Mail: i&#110;&#102;&#x6f;&#x40;&#x66;i&#97;&#46;&#x63;&#x68; Vertretungsberechtigte PersonenDaniel St\u00e4ubli Name des Unternehmens: Fresh Interactive AGRegistrationsnummer: CHE-110.092.688 HaftungsausschlussDer Autor \u00fcbernimmt keine Gew\u00e4hr f\u00fcr die Richtigkeit, Genauigkeit, Aktualit\u00e4t, Zuverl\u00e4ssigkeit und Vollst\u00e4ndigkeit der Informationen.Haftungsanspr\u00fcche gegen den Autor wegen Sch\u00e4den materieller oder immaterieller Art, die aus dem Zugriff oder der Nutzung bzw. Nichtnutzung der ver\u00f6ffentlichten Informationen, durch [&hellip;]","og_url":"https:\/\/immopage.site\/demo\/impressum\/","og_site_name":"ImmoPage Demo","article_modified_time":"2025-10-15T11:56:10+00:00","twitter_card":"summary_large_image","twitter_misc":{"Gesch\u00e4tzte Lesezeit":"2\u00a0Minuten"},"schema":{"@context":"https:\/\/schema.org","@graph":[{"@type":"WebPage","@id":"https:\/\/immopage.site\/demo\/impressum\/","url":"https:\/\/immopage.site\/demo\/impressum\/","name":"Impressum DE - ImmoPage Demo","isPartOf":{"@id":"https:\/\/immopage.site\/demo\/#website"},"datePublished":"2025-06-23T07:51:26+00:00","dateModified":"2025-10-15T11:56:10+00:00","breadcrumb":{"@id":"https:\/\/immopage.site\/demo\/impressum\/#breadcrumb"},"inLanguage":"de-CH","potentialAction":[{"@type":"ReadAction","target":["https:\/\/immopage.site\/demo\/impressum\/"]}]},{"@type":"BreadcrumbList","@id":"https:\/\/immopage.site\/demo\/impressum\/#breadcrumb","itemListElement":[{"@type":"ListItem","position":1,"name":"Startseite","item":"https:\/\/immopage.site\/demo\/"},{"@type":"ListItem","position":2,"name":"Impressum DE"}]},{"@type":"WebSite","@id":"https:\/\/immopage.site\/demo\/#website","url":"https:\/\/immopage.site\/demo\/","name":"ImmoPage Demo","description":"","potentialAction":[{"@type":"SearchAction","target":{"@type":"EntryPoint","urlTemplate":"https:\/\/immopage.site\/demo\/?s={search_term_string}"},"query-input":{"@type":"PropertyValueSpecification","valueRequired":true,"valueName":"search_term_string"}}],"inLanguage":"de-CH"}]}},"_links":{"self":[{"href":"https:\/\/immopage.site\/demo\/wp-json\/wp\/v2\/pages\/191","targetHints":{"allow":["GET"]}}],"collection":[{"href":"https:\/\/immopage.site\/demo\/wp-json\/wp\/v2\/pages"}],"about":[{"href":"https:\/\/immopage.site\/demo\/wp-json\/wp\/v2\/types\/page"}],"author":[{"embeddable":true,"href":"https:\/\/immopage.site\/demo\/wp-json\/wp\/v2\/users\/1"}],"replies":[{"embeddable":true,"href":"https:\/\/immopage.site\/demo\/wp-json\/wp\/v2\/comments?post=191"}],"version-history":[{"count":41,"href":"https:\/\/immopage.site\/demo\/wp-json\/wp\/v2\/pages\/191\/revisions"}],"predecessor-version":[{"id":5741,"href":"https:\/\/immopage.site\/demo\/wp-json\/wp\/v2\/pages\/191\/revisions\/5741"}],"wp:attachment":[{"href":"https:\/\/immopage.site\/demo\/wp-json\/wp\/v2\/media?parent=191"}],"curies":[{"name":"wp","href":"https:\/\/api.w.org\/{rel}","templated":true}]}}